{"id":2064,"date":"2025-06-26T23:52:14","date_gmt":"2025-06-26T20:52:14","guid":{"rendered":"https:\/\/rkeeper.us\/?page_id=2064"},"modified":"2025-07-22T12:08:53","modified_gmt":"2025-07-22T09:08:53","slug":"quioscos-de-autoservicio","status":"publish","type":"page","link":"https:\/\/ucsrkeeper.es\/?page_id=2064","title":{"rendered":"Quioscos de autoservicio"},"content":{"rendered":"\t\t<div data-elementor-type=\"wp-page\" data-elementor-id=\"2064\" class=\"elementor elementor-2064 elementor-1787\" data-elementor-post-type=\"page\">\n\t\t\t\t<div class=\"elementor-element elementor-element-45a7e7ff e-flex e-con-boxed e-con e-parent\" data-id=\"45a7e7ff\" data-element_type=\"container\" data-e-type=\"container\">\n\t\t\t\t\t<div class=\"e-con-inner\">\n\t\t\t\t<div class=\"elementor-element elementor-element-7639dded elementor-widget elementor-widget-heading\" data-id=\"7639dded\" data-element_type=\"widget\" data-e-type=\"widget\" data-widget_type=\"heading.default\">\n\t\t\t\t<div class=\"elementor-widget-container\">\n\t\t\t\t\t<h3 class=\"elementor-heading-title elementor-size-default\">Quioscos de autoservicio<\/h3>\t\t\t\t<\/div>\n\t\t\t\t<\/div>\n\t\t\t\t<div class=\"elementor-element elementor-element-60686d3 elementor-widget elementor-widget-text-editor\" data-id=\"60686d3\" data-element_type=\"widget\" data-e-type=\"widget\" data-widget_type=\"text-editor.default\">\n\t\t\t\t<div class=\"elementor-widget-container\">\n\t\t\t\t\t\t\t\t\t<h2 id=\"Empower-your-fast-food-experience-with-r_keeper-kiosks-1\"><strong>Potencia tu experiencia de comida r\u00e1pida con los quioscos de r_keeper<\/strong><\/h2><figure class=\"image image-style-align-left image_resized\"><img fetchpriority=\"high\" decoding=\"async\" class=\"alignright\" src=\"https:\/\/img.perfectwiki.xyz\/insecure\/resize:fit:400\/aHR0cHM6Ly9zdG9yYWdlLmdvb2dsZWFwaXMuY29tL3BlcmZlY3Rfd2lraS9jMThmZTZmNy03MTRiLTQxMzItYmI1NC0zNTY0ODc3NWVkMGMvY1NJdzZ0a3l0OFU2UTIxZUlGQk4vJUQwJUI4JUQwJUI3JUQwJUJFJUQwJUIxJUQxJTgwJUQwJUIwJUQwJUI2JUQwJUI1JUQwJUJEJUQwJUI4JUQwJUI1X2Q2NTk2NWQzLTFkNDUtNDYyOC05ZTkxLWJlOGUxYzc1ODBhMy5wbmc.webp\" sizes=\"100vw\" srcset=\"https:\/\/img.perfectwiki.xyz\/insecure\/resize:fit:400\/aHR0cHM6Ly9zdG9yYWdlLmdvb2dsZWFwaXMuY29tL3BlcmZlY3Rfd2lraS9jMThmZTZmNy03MTRiLTQxMzItYmI1NC0zNTY0ODc3NWVkMGMvY1NJdzZ0a3l0OFU2UTIxZUlGQk4vJUQwJUI4JUQwJUI3JUQwJUJFJUQwJUIxJUQxJTgwJUQwJUIwJUQwJUI2JUQwJUI1JUQwJUJEJUQwJUI4JUQwJUI1X2Q2NTk2NWQzLTFkNDUtNDYyOC05ZTkxLWJlOGUxYzc1ODBhMy5wbmc.webp 400w, https:\/\/img.perfectwiki.xyz\/insecure\/resize:fit:800\/aHR0cHM6Ly9zdG9yYWdlLmdvb2dsZWFwaXMuY29tL3BlcmZlY3Rfd2lraS9jMThmZTZmNy03MTRiLTQxMzItYmI1NC0zNTY0ODc3NWVkMGMvY1NJdzZ0a3l0OFU2UTIxZUlGQk4vJUQwJUI4JUQwJUI3JUQwJUJFJUQwJUIxJUQxJTgwJUQwJUIwJUQwJUI2JUQwJUI1JUQwJUJEJUQwJUI4JUQwJUI1X2Q2NTk2NWQzLTFkNDUtNDYyOC05ZTkxLWJlOGUxYzc1ODBhMy5wbmc.webp 800w, https:\/\/img.perfectwiki.xyz\/insecure\/resize:fit:1200\/aHR0cHM6Ly9zdG9yYWdlLmdvb2dsZWFwaXMuY29tL3BlcmZlY3Rfd2lraS9jMThmZTZmNy03MTRiLTQxMzItYmI1NC0zNTY0ODc3NWVkMGMvY1NJdzZ0a3l0OFU2UTIxZUlGQk4vJUQwJUI4JUQwJUI3JUQwJUJFJUQwJUIxJUQxJTgwJUQwJUIwJUQwJUI2JUQwJUI1JUQwJUJEJUQwJUI4JUQwJUI1X2Q2NTk2NWQzLTFkNDUtNDYyOC05ZTkxLWJlOGUxYzc1ODBhMy5wbmc.webp 1200w, https:\/\/img.perfectwiki.xyz\/insecure\/aHR0cHM6Ly9zdG9yYWdlLmdvb2dsZWFwaXMuY29tL3BlcmZlY3Rfd2lraS9jMThmZTZmNy03MTRiLTQxMzItYmI1NC0zNTY0ODc3NWVkMGMvY1NJdzZ0a3l0OFU2UTIxZUlGQk4vJUQwJUI4JUQwJUI3JUQwJUJFJUQwJUIxJUQxJTgwJUQwJUIwJUQwJUI2JUQwJUI1JUQwJUJEJUQwJUI4JUQwJUI1X2Q2NTk2NWQzLTFkNDUtNDYyOC05ZTkxLWJlOGUxYzc1ODBhMy5wbmc.webp 1400w\" alt=\"productos \/ 1 Terminales de autoservicio \u2705  \" width=\"428\" height=\"426\"><\/figure><h3 id=\"Quick.-Efficient.-User-Friendly.-2\"><strong>R\u00e1pido. Eficiente. F\u00e1cil de usar.  <\/strong><\/h3><p>R\u00e1pidos, eficientes e incre\u00edblemente f\u00e1ciles de usar, nuestros quioscos permiten a sus clientes realizar pedidos a su conveniencia, reduciendo los tiempos de espera y mejorando la satisfacci\u00f3n. Sum\u00e9rjase en el futuro de la restauraci\u00f3n, donde la tecnolog\u00eda se une al sabor. Aumente la eficiencia de su restaurante y vea crecer su negocio con <strong>r_keeper<\/strong>. P\u00f3ngase en contacto hoy mismo para transformar su servicio.   <\/p><ul><li>\u201cReduce los tiempos de espera\u201d<\/li><li>\u201cMejora la satisfacci\u00f3n del cliente\u201d<\/li><li>\u201cAumenta la precisi\u00f3n de los pedidos\u201d<\/li><li>\u201cImpulsa las ventas con venta sugestiva y cruzada\u201d<\/li><\/ul><h2 id=\"How-R-Keeper-Kiosks-Work-1\"><strong>C\u00f3mo funcionan los quioscos de r-keeper<\/strong><\/h2><ul><li>\u201cConfiguraci\u00f3n sencilla\u201d<\/li><li>\u201cPedidos sin complicaciones\u201d<\/li><li>\u201cProcesamiento de pagos instant\u00e1neo\u201d<\/li><li>\u201cCumplimiento r\u00e1pido de pedidos\u201d<\/li><\/ul><h2><strong>Beneficios de los quioscos de R-keeper<\/strong><\/h2><p><strong style=\"letter-spacing: 0px; word-spacing: 0em; background-color: transparent;\">\u00abRacionalice sus operaciones <\/strong><span style=\"letter-spacing: 0px; word-spacing: 0em; background-color: transparent;\">consiste en revolucionar la forma en que los restaurantes de comida r\u00e1pida gestionan sus flujos de trabajo diarios y las interacciones con los clientes. <\/span><span style=\"letter-spacing: 0px; word-spacing: 0em; background-color: transparent;\">Este enfoque aprovecha la tecnolog\u00eda avanzada para hacer que su restaurante sea m\u00e1s eficiente, reduciendo el tiempo y el esfuerzo dedicados a las tareas rutinarias.<\/span><\/p><p><strong style=\"background-color: transparent; letter-spacing: 0px; word-spacing: 0em;\">Proceso de pedido m\u00e1s r\u00e1pido:<\/strong><span style=\"background-color: transparent; letter-spacing: 0px; word-spacing: 0em;\"> Los clientes pueden realizar sus pedidos r\u00e1pidamente a trav\u00e9s de intuitivas interfaces de pantalla t\u00e1ctil, lo que reduce los tiempos de espera en las colas y minimiza la presi\u00f3n sobre su personal durante las horas punta.<\/span><\/p><p><strong style=\"background-color: transparent; letter-spacing: 0px; word-spacing: 0em;\">Mejora de la precisi\u00f3n de los pedidos:<\/strong><span style=\"background-color: transparent; letter-spacing: 0px; word-spacing: 0em;\">  Con los quioscos de autoservicio, los clientes tienen el control para personalizar sus pedidos exactamente como les gusta, lo que reduce significativamente las posibilidades de error que pueden producirse con los m\u00e9todos tradicionales de pedido. Esta precisi\u00f3n garantiza que los clientes reciban exactamente lo que han pedido, lo que aumenta la satisfacci\u00f3n y reduce los residuos. <\/span><\/p><p><strong style=\"background-color: transparent; letter-spacing: 0px; word-spacing: 0em;\">Asignaci\u00f3n eficiente del personal:<\/strong><span style=\"background-color: transparent; letter-spacing: 0px; word-spacing: 0em;\">  Al automatizar el proceso de toma de pedidos, su personal puede reasignarse para centrarse en otras \u00e1reas cr\u00edticas, como la preparaci\u00f3n de la comida y el servicio al cliente. Esta asignaci\u00f3n optimizada de recursos humanos garantiza que sus operaciones se desarrollen sin problemas, mejorando la eficiencia general de su restaurante. <\/span><\/p><p><img decoding=\"async\" class=\"alignleft\" style=\"margin: 8px 8px 0px;\" src=\"https:\/\/img.perfectwiki.xyz\/insecure\/resize:fit:400\/aHR0cHM6Ly9zdG9yYWdlLmdvb2dsZWFwaXMuY29tL3BlcmZlY3Rfd2lraS9jMThmZTZmNy03MTRiLTQxMzItYmI1NC0zNTY0ODc3NWVkMGMvY1NJdzZ0a3l0OFU2UTIxZUlGQk4vJUQwJUI4JUQwJUI3JUQwJUJFJUQwJUIxJUQxJTgwJUQwJUIwJUQwJUI2JUQwJUI1JUQwJUJEJUQwJUI4JUQwJUI1XzI4MzhjZjMwLTdiYTAtNDI4OC04NWE5LWUyYTNjZjM0M2EzMi5wbmc.webp\" sizes=\"100vw\" srcset=\"https:\/\/img.perfectwiki.xyz\/insecure\/resize:fit:400\/aHR0cHM6Ly9zdG9yYWdlLmdvb2dsZWFwaXMuY29tL3BlcmZlY3Rfd2lraS9jMThmZTZmNy03MTRiLTQxMzItYmI1NC0zNTY0ODc3NWVkMGMvY1NJdzZ0a3l0OFU2UTIxZUlGQk4vJUQwJUI4JUQwJUI3JUQwJUJFJUQwJUIxJUQxJTgwJUQwJUIwJUQwJUI2JUQwJUI1JUQwJUJEJUQwJUI4JUQwJUI1XzI4MzhjZjMwLTdiYTAtNDI4OC04NWE5LWUyYTNjZjM0M2EzMi5wbmc.webp 400w, https:\/\/img.perfectwiki.xyz\/insecure\/resize:fit:800\/aHR0cHM6Ly9zdG9yYWdlLmdvb2dsZWFwaXMuY29tL3BlcmZlY3Rfd2lraS9jMThmZTZmNy03MTRiLTQxMzItYmI1NC0zNTY0ODc3NWVkMGMvY1NJdzZ0a3l0OFU2UTIxZUlGQk4vJUQwJUI4JUQwJUI3JUQwJUJFJUQwJUIxJUQxJTgwJUQwJUIwJUQwJUI2JUQwJUI1JUQwJUJEJUQwJUI4JUQwJUI1XzI4MzhjZjMwLTdiYTAtNDI4OC04NWE5LWUyYTNjZjM0M2EzMi5wbmc.webp 800w, https:\/\/img.perfectwiki.xyz\/insecure\/resize:fit:1200\/aHR0cHM6Ly9zdG9yYWdlLmdvb2dsZWFwaXMuY29tL3BlcmZlY3Rfd2lraS9jMThmZTZmNy03MTRiLTQxMzItYmI1NC0zNTY0ODc3NWVkMGMvY1NJdzZ0a3l0OFU2UTIxZUlGQk4vJUQwJUI4JUQwJUI3JUQwJUJFJUQwJUIxJUQxJTgwJUQwJUIwJUQwJUI2JUQwJUI1JUQwJUJEJUQwJUI4JUQwJUI1XzI4MzhjZjMwLTdiYTAtNDI4OC04NWE5LWUyYTNjZjM0M2EzMi5wbmc.webp 1200w, https:\/\/img.perfectwiki.xyz\/insecure\/aHR0cHM6Ly9zdG9yYWdlLmdvb2dsZWFwaXMuY29tL3BlcmZlY3Rfd2lraS9jMThmZTZmNy03MTRiLTQxMzItYmI1NC0zNTY0ODc3NWVkMGMvY1NJdzZ0a3l0OFU2UTIxZUlGQk4vJUQwJUI4JUQwJUI3JUQwJUJFJUQwJUIxJUQxJTgwJUQwJUIwJUQwJUI2JUQwJUI1JUQwJUJEJUQwJUI4JUQwJUI1XzI4MzhjZjMwLTdiYTAtNDI4OC04NWE5LWUyYTNjZjM0M2EzMi5wbmc.webp 1400w\" alt=\"productos \/ 1 Terminales de autoservicio \u2705  \" width=\"485\" height=\"324\"><\/p><p><strong style=\"background-color: transparent; letter-spacing: 0px; word-spacing: 0em;\">Informaci\u00f3n basada en datos:<\/strong><span style=\"background-color: transparent; letter-spacing: 0px; word-spacing: 0em;\">  Los quioscos R-Keeper recopilan datos valiosos sobre las preferencias de los clientes y los patrones de pedido. Esta informaci\u00f3n puede analizarse para tomar decisiones informadas sobre ajustes en el men\u00fa, estrategias promocionales y dotaci\u00f3n de personal en horas punta, agilizando a\u00fan m\u00e1s las operaciones y adaptando la experiencia gastron\u00f3mica a los gustos de sus clientes. <\/span><\/p><p><strong style=\"background-color: transparent; letter-spacing: 0px; word-spacing: 0em;\">\u00abCapacite a sus clientes\u00bb  <\/strong><span style=\"background-color: transparent; letter-spacing: 0px; word-spacing: 0em;\">ofrece a los clientes el control de su experiencia gastron\u00f3mica en su restaurante de comida r\u00e1pida. Estos quioscos ofrecen un proceso de pedido intuitivo e interactivo, que permite a los clientes navegar por el men\u00fa a su propio ritmo, personalizar sus pedidos seg\u00fan sus preferencias exactas e incluso explorar nuevos art\u00edculos o promociones. Este enfoque autodirigido no s\u00f3lo aumenta la satisfacci\u00f3n de los clientes al ofrecerles opciones y flexibilidad, sino que tambi\u00e9n los involucra en una experiencia gastron\u00f3mica moderna y tecnol\u00f3gica. Capacitar a sus clientes de este modo puede aumentar el valor de los pedidos gracias a las oportunidades de venta y a un servicio m\u00e1s personalizado, lo que contribuye a la fidelidad de los clientes y a la repetici\u00f3n de los pedidos.   <\/span><\/p><p><strong style=\"background-color: transparent; letter-spacing: 0px; word-spacing: 0em;\">\u00abMejore su cuenta de resultados\u00bb  <\/strong><span style=\"background-color: transparent; letter-spacing: 0px; word-spacing: 0em;\">aprovechar la tecnolog\u00eda para influir directamente en la rentabilidad de su restaurante de comida r\u00e1pida. A continuaci\u00f3n se explica c\u00f3mo la integraci\u00f3n de estos quioscos puede impulsar el crecimiento de los ingresos: <\/span><\/p><p><strong style=\"background-color: transparent; letter-spacing: 0px; word-spacing: 0em;\">Venta adicional y venta cruzada:<\/strong><span style=\"background-color: transparent; letter-spacing: 0px; word-spacing: 0em;\">  Los quioscos pueden sugerir autom\u00e1ticamente complementos o mejoras en el punto de pedido, animando a los clientes a hacer compras adicionales. Por ejemplo, sugiriendo una bebida con una hamburguesa u ofreciendo un acompa\u00f1amiento a precio reducido si se compra con la comida principal. Esto no s\u00f3lo aumenta el valor medio del pedido, sino que lo hace sin la percepci\u00f3n de presi\u00f3n de un vendedor humano.  <\/span><\/p><p><strong style=\"background-color: transparent; letter-spacing: 0px; word-spacing: 0em;\">Reducci\u00f3n de los costes laborales:<\/strong><span style=\"background-color: transparent; letter-spacing: 0px; word-spacing: 0em;\">  Al automatizar el proceso de pedido, puede reasignar personal a \u00e1reas m\u00e1s cr\u00edticas de la operaci\u00f3n o reducir el n\u00famero de personal necesario durante los periodos de menor actividad. Esta optimizaci\u00f3n puede suponer un importante ahorro en costes laborales, uno de los gastos m\u00e1s sustanciales en el sector de la restauraci\u00f3n. <\/span><\/p><p><strong>Mayor rendimiento:<\/strong> Los quioscos de autoservicio pueden gestionar varios pedidos simult\u00e1neamente y funcionar de forma continua, lo que permite un mayor flujo de clientes, especialmente en horas punta. Esta eficiencia permite procesar m\u00e1s ventas en menos tiempo, lo que aumenta directamente el potencial de ingresos. <\/p>\t\t\t\t\t\t\t\t<\/div>\n\t\t\t\t<\/div>\n\t\t\t\t<div class=\"elementor-element elementor-element-4800aad5 elementor-align-center elementor-mobile-align-center elementor-widget elementor-widget-button\" data-id=\"4800aad5\" data-element_type=\"widget\" data-e-type=\"widget\" data-widget_type=\"button.default\">\n\t\t\t\t<div class=\"elementor-widget-container\">\n\t\t\t\t\t\t\t\t\t<div class=\"elementor-button-wrapper\">\n\t\t\t\t\t<a class=\"elementor-button elementor-button-link elementor-size-sm\" href=\"http:\/\/ucsrkeeper.es\/?page_id=256\">\n\t\t\t\t\t\t<span class=\"elementor-button-content-wrapper\">\n\t\t\t\t\t\t\t\t\t<span class=\"elementor-button-text\">Contacte con nosotros<\/span>\n\t\t\t\t\t<\/span>\n\t\t\t\t\t<\/a>\n\t\t\t\t<\/div>\n\t\t\t\t\t\t\t\t<\/div>\n\t\t\t\t<\/div>\n\t\t\t\t\t<\/div>\n\t\t\t\t<\/div>\n\t\t\t\t<\/div>\n\t\t","protected":false},"excerpt":{"rendered":"<p>Quioscos de autoservicio Potencia tu experiencia de comida r\u00e1pida con los quioscos de r_keeper R\u00e1pido. Eficiente. F\u00e1cil de usar. R\u00e1pidos, eficientes e incre\u00edblemente f\u00e1ciles de usar, nuestros quioscos permiten a sus clientes realizar pedidos a su conveniencia, reduciendo los tiempos de espera y mejorando la satisfacci\u00f3n. Sum\u00e9rjase en el futuro de la restauraci\u00f3n, donde la [&hellip;]<\/p>\n","protected":false},"author":1,"featured_media":0,"parent":0,"menu_order":0,"comment_status":"closed","ping_status":"closed","template":"elementor_header_footer","meta":{"footnotes":""},"class_list":["post-2064","page","type-page","status-publish","hentry"],"_links":{"self":[{"href":"https:\/\/ucsrkeeper.es\/index.php?rest_route=\/wp\/v2\/pages\/2064","targetHints":{"allow":["GET"]}}],"collection":[{"href":"https:\/\/ucsrkeeper.es\/index.php?rest_route=\/wp\/v2\/pages"}],"about":[{"href":"https:\/\/ucsrkeeper.es\/index.php?rest_route=\/wp\/v2\/types\/page"}],"author":[{"embeddable":true,"href":"https:\/\/ucsrkeeper.es\/index.php?rest_route=\/wp\/v2\/users\/1"}],"replies":[{"embeddable":true,"href":"https:\/\/ucsrkeeper.es\/index.php?rest_route=%2Fwp%2Fv2%2Fcomments&post=2064"}],"version-history":[{"count":4,"href":"https:\/\/ucsrkeeper.es\/index.php?rest_route=\/wp\/v2\/pages\/2064\/revisions"}],"predecessor-version":[{"id":3700,"href":"https:\/\/ucsrkeeper.es\/index.php?rest_route=\/wp\/v2\/pages\/2064\/revisions\/3700"}],"wp:attachment":[{"href":"https:\/\/ucsrkeeper.es\/index.php?rest_route=%2Fwp%2Fv2%2Fmedia&parent=2064"}],"curies":[{"name":"wp","href":"https:\/\/api.w.org\/{rel}","templated":true}]}}