{"id":2670,"date":"2025-07-14T15:51:29","date_gmt":"2025-07-14T12:51:29","guid":{"rendered":"https:\/\/rkeeper.us\/?page_id=2670"},"modified":"2025-07-22T12:06:25","modified_gmt":"2025-07-22T09:06:25","slug":"pedidos-en-linea","status":"publish","type":"page","link":"https:\/\/ucsrkeeper.es\/?page_id=2670","title":{"rendered":"Pedidos en l\u00ednea"},"content":{"rendered":"\t\t<div data-elementor-type=\"wp-page\" data-elementor-id=\"2670\" class=\"elementor elementor-2670 elementor-2220\" data-elementor-post-type=\"page\">\n\t\t\t\t<div class=\"elementor-element elementor-element-13b53120 e-flex e-con-boxed e-con e-parent\" data-id=\"13b53120\" data-element_type=\"container\" data-e-type=\"container\">\n\t\t\t\t\t<div class=\"e-con-inner\">\n\t\t\t\t<div class=\"elementor-element elementor-element-664f7414 elementor-widget elementor-widget-heading\" data-id=\"664f7414\" data-element_type=\"widget\" data-e-type=\"widget\" data-widget_type=\"heading.default\">\n\t\t\t\t<div class=\"elementor-widget-container\">\n\t\t\t\t\t<h3 class=\"elementor-heading-title elementor-size-default\">Pedidos en l\u00ednea<\/h3>\t\t\t\t<\/div>\n\t\t\t\t<\/div>\n\t\t\t\t<div class=\"elementor-element elementor-element-63e33bf0 elementor-widget elementor-widget-text-editor\" data-id=\"63e33bf0\" data-element_type=\"widget\" data-e-type=\"widget\" data-widget_type=\"text-editor.default\">\n\t\t\t\t<div class=\"elementor-widget-container\">\n\t\t\t\t\t\t\t\t\t<h2 id=\"Online-Ordering:-Your-Restaurant-Always-Open-1\"><strong>Pedidos en l\u00ednea: Su restaurante, siempre abierto<\/strong><\/h2><h3 id=\"Turn-Clicks-Into-Orders.-Anytime-Anywhere.-2\">Convierta los clics en pedidos. En cualquier momento y lugar. <\/h3><p>Permita que sus clientes hagan pedidos en su restaurante con solo unos toques y desde cualquier dispositivo.<br>Nuestra soluci\u00f3n <strong>de pedidos en l\u00ednea<\/strong> conecta su men\u00fa con el mundo digital: su sitio web, aplicaci\u00f3n m\u00f3vil o c\u00f3digo QR. Sin intermediarios. Sin comisiones. Solo ventas directas, directamente a su cocina.   <\/p><p>Sirva m\u00e1s all\u00e1 de sus muros. Est\u00e9 donde est\u00e1n sus clientes. <\/p><h3 id=\"Why-You'll-Love-It-2\"><strong>Por qu\u00e9 te encantar\u00e1<\/strong><\/h3><p><img fetchpriority=\"high\" decoding=\"async\" class=\"alignleft\" src=\"https:\/\/img.perfectwiki.xyz\/insecure\/resize:fit:400\/aHR0cHM6Ly9zdG9yYWdlLmdvb2dsZWFwaXMuY29tL3BlcmZlY3Rfd2lraS9jMThmZTZmNy03MTRiLTQxMzItYmI1NC0zNTY0ODc3NWVkMGMvRXFoakF6MGFkRjlvQ3BVRXdIVFQvJUQwJUI4JUQwJUI3JUQwJUJFJUQwJUIxJUQxJTgwJUQwJUIwJUQwJUI2JUQwJUI1JUQwJUJEJUQwJUI4JUQwJUI1XzQyZTk5NjM0LWY0YzYtNGU3My05MDhlLTI4ODBiZTIwMGU4OS5wbmc.webp\" sizes=\"100vw\" srcset=\"https:\/\/img.perfectwiki.xyz\/insecure\/resize:fit:400\/aHR0cHM6Ly9zdG9yYWdlLmdvb2dsZWFwaXMuY29tL3BlcmZlY3Rfd2lraS9jMThmZTZmNy03MTRiLTQxMzItYmI1NC0zNTY0ODc3NWVkMGMvRXFoakF6MGFkRjlvQ3BVRXdIVFQvJUQwJUI4JUQwJUI3JUQwJUJFJUQwJUIxJUQxJTgwJUQwJUIwJUQwJUI2JUQwJUI1JUQwJUJEJUQwJUI4JUQwJUI1XzQyZTk5NjM0LWY0YzYtNGU3My05MDhlLTI4ODBiZTIwMGU4OS5wbmc.webp 400w, https:\/\/img.perfectwiki.xyz\/insecure\/resize:fit:800\/aHR0cHM6Ly9zdG9yYWdlLmdvb2dsZWFwaXMuY29tL3BlcmZlY3Rfd2lraS9jMThmZTZmNy03MTRiLTQxMzItYmI1NC0zNTY0ODc3NWVkMGMvRXFoakF6MGFkRjlvQ3BVRXdIVFQvJUQwJUI4JUQwJUI3JUQwJUJFJUQwJUIxJUQxJTgwJUQwJUIwJUQwJUI2JUQwJUI1JUQwJUJEJUQwJUI4JUQwJUI1XzQyZTk5NjM0LWY0YzYtNGU3My05MDhlLTI4ODBiZTIwMGU4OS5wbmc.webp 800w, https:\/\/img.perfectwiki.xyz\/insecure\/resize:fit:1200\/aHR0cHM6Ly9zdG9yYWdlLmdvb2dsZWFwaXMuY29tL3BlcmZlY3Rfd2lraS9jMThmZTZmNy03MTRiLTQxMzItYmI1NC0zNTY0ODc3NWVkMGMvRXFoakF6MGFkRjlvQ3BVRXdIVFQvJUQwJUI4JUQwJUI3JUQwJUJFJUQwJUIxJUQxJTgwJUQwJUIwJUQwJUI2JUQwJUI1JUQwJUJEJUQwJUI4JUQwJUI1XzQyZTk5NjM0LWY0YzYtNGU3My05MDhlLTI4ODBiZTIwMGU4OS5wbmc.webp 1200w, https:\/\/img.perfectwiki.xyz\/insecure\/aHR0cHM6Ly9zdG9yYWdlLmdvb2dsZWFwaXMuY29tL3BlcmZlY3Rfd2lraS9jMThmZTZmNy03MTRiLTQxMzItYmI1NC0zNTY0ODc3NWVkMGMvRXFoakF6MGFkRjlvQ3BVRXdIVFQvJUQwJUI4JUQwJUI3JUQwJUJFJUQwJUIxJUQxJTgwJUQwJUIwJUQwJUI2JUQwJUI1JUQwJUJEJUQwJUI4JUQwJUI1XzQyZTk5NjM0LWY0YzYtNGU3My05MDhlLTI4ODBiZTIwMGU4OS5wbmc.webp 1400w\" alt=\"soluciones \/ 6 Pedidos en l\u00ednea\" width=\"224\" height=\"336\"><\/p><p><strong>F\u00e1cil de usar, f\u00e1cil de pedir<\/strong><br>Un bonito men\u00fa de marca dise\u00f1ado para m\u00f3viles y ordenadores de sobremesa. No hay que descargar ninguna aplicaci\u00f3n: basta con pulsar y pedir. <\/p><p><strong>Pagos seguros, opciones flexibles<\/strong><br>Acepta tarjetas, Apple\/Google Pay o deja que paguen al recoger el pedido. Todas las transacciones son seguras y r\u00e1pidas. <\/p><p>Recogida<strong>, entrega, comida a domicilio &#8211; Todo cubierto<\/strong><br>Deje que los clientes elijan c\u00f3mo recibir su comida: recogida, comida a domicilio o entrega a domicilio.<\/p><p><strong>Totalmente integrado<\/strong><br>Los pedidos fluyen directamente a su TPV o cocina, sin pantallas adicionales ni tickets perdidos.<\/p><p><strong>Informaci\u00f3n sobre ventas y datos de clientes<\/strong><br>Haga un seguimiento de lo que la gente pide, cu\u00e1ndo y con qu\u00e9 frecuencia. Util\u00edcelo para mejorar sus ofertas y segmentar mejor. <\/p><h3 id=\"Key-Features-2\"><strong>Caracter\u00edsticas principales<\/strong><\/h3><ul><li>Men\u00fa digital personalizable con categor\u00edas y modificadores<\/li><li>A\u00f1ade fotos, al\u00e9rgenos, combinaciones&#8230; lo que tus invitados necesiten para decidir<\/li><li>Compartir mediante enlace, c\u00f3digo QR o incrustado en su sitio web<\/li><li>Admite c\u00f3digos promocionales, fidelizaci\u00f3n y upselling<\/li><li>Actualizaciones en tiempo real del men\u00fa y la disponibilidad<\/li><li><p>Asistencia multiling\u00fce para clientes internacionales<\/p><figure class=\"image image_resized\"><img decoding=\"async\" class=\"alignright\" src=\"https:\/\/img.perfectwiki.xyz\/insecure\/resize:fit:400\/aHR0cHM6Ly9zdG9yYWdlLmdvb2dsZWFwaXMuY29tL3BlcmZlY3Rfd2lraS9jMThmZTZmNy03MTRiLTQxMzItYmI1NC0zNTY0ODc3NWVkMGMvRXFoakF6MGFkRjlvQ3BVRXdIVFQvJUQwJUI4JUQwJUI3JUQwJUJFJUQwJUIxJUQxJTgwJUQwJUIwJUQwJUI2JUQwJUI1JUQwJUJEJUQwJUI4JUQwJUI1XzVkNzgwNjA4LTY0OTctNDNkYi1iMmViLTkzNDFkNzYyNzVjMS5wbmc.webp\" sizes=\"100vw\" srcset=\"https:\/\/img.perfectwiki.xyz\/insecure\/resize:fit:400\/aHR0cHM6Ly9zdG9yYWdlLmdvb2dsZWFwaXMuY29tL3BlcmZlY3Rfd2lraS9jMThmZTZmNy03MTRiLTQxMzItYmI1NC0zNTY0ODc3NWVkMGMvRXFoakF6MGFkRjlvQ3BVRXdIVFQvJUQwJUI4JUQwJUI3JUQwJUJFJUQwJUIxJUQxJTgwJUQwJUIwJUQwJUI2JUQwJUI1JUQwJUJEJUQwJUI4JUQwJUI1XzVkNzgwNjA4LTY0OTctNDNkYi1iMmViLTkzNDFkNzYyNzVjMS5wbmc.webp 400w, https:\/\/img.perfectwiki.xyz\/insecure\/resize:fit:800\/aHR0cHM6Ly9zdG9yYWdlLmdvb2dsZWFwaXMuY29tL3BlcmZlY3Rfd2lraS9jMThmZTZmNy03MTRiLTQxMzItYmI1NC0zNTY0ODc3NWVkMGMvRXFoakF6MGFkRjlvQ3BVRXdIVFQvJUQwJUI4JUQwJUI3JUQwJUJFJUQwJUIxJUQxJTgwJUQwJUIwJUQwJUI2JUQwJUI1JUQwJUJEJUQwJUI4JUQwJUI1XzVkNzgwNjA4LTY0OTctNDNkYi1iMmViLTkzNDFkNzYyNzVjMS5wbmc.webp 800w, https:\/\/img.perfectwiki.xyz\/insecure\/resize:fit:1200\/aHR0cHM6Ly9zdG9yYWdlLmdvb2dsZWFwaXMuY29tL3BlcmZlY3Rfd2lraS9jMThmZTZmNy03MTRiLTQxMzItYmI1NC0zNTY0ODc3NWVkMGMvRXFoakF6MGFkRjlvQ3BVRXdIVFQvJUQwJUI4JUQwJUI3JUQwJUJFJUQwJUIxJUQxJTgwJUQwJUIwJUQwJUI2JUQwJUI1JUQwJUJEJUQwJUI4JUQwJUI1XzVkNzgwNjA4LTY0OTctNDNkYi1iMmViLTkzNDFkNzYyNzVjMS5wbmc.webp 1200w, https:\/\/img.perfectwiki.xyz\/insecure\/aHR0cHM6Ly9zdG9yYWdlLmdvb2dsZWFwaXMuY29tL3BlcmZlY3Rfd2lraS9jMThmZTZmNy03MTRiLTQxMzItYmI1NC0zNTY0ODc3NWVkMGMvRXFoakF6MGFkRjlvQ3BVRXdIVFQvJUQwJUI4JUQwJUI3JUQwJUJFJUQwJUIxJUQxJTgwJUQwJUIwJUQwJUI2JUQwJUI1JUQwJUJEJUQwJUI4JUQwJUI1XzVkNzgwNjA4LTY0OTctNDNkYi1iMmViLTkzNDFkNzYyNzVjMS5wbmc.webp 1400w\" alt=\"soluciones \/ 6 Pedidos en l\u00ednea\" width=\"230\" height=\"347\"><\/figure><\/li><\/ul><h3 id=\"Who-Is-It-For-2\"><strong>\u00bfA qui\u00e9n va dirigido?<\/strong><\/h3><p><strong>Comida r\u00e1pida<\/strong> &#8211; Pedidos r\u00e1pidos, menos colas<br><strong>Comida para llevar y reparto<\/strong> &#8211; F\u00e1cil flujo de clientes, mejor sincronizaci\u00f3n<br><strong>Caf\u00e9s y panader\u00edas<\/strong> &#8211; Programar recogidas, evitar colas<br><strong>Restaurantes<\/strong> &#8211; Pedidos de mesa QR, sin necesidad de personal  <\/p><h2 id=\"Own-the-Customer-Experience-1\"><strong>La experiencia del cliente es suya<\/strong><\/h2><p>No alquile su relaci\u00f3n a aplicaciones de terceros.<br>Con los pedidos directos en l\u00ednea, usted mantiene el control y se queda con el 100% de la venta.<\/p>\t\t\t\t\t\t\t\t<\/div>\n\t\t\t\t<\/div>\n\t\t\t\t<div class=\"elementor-element elementor-element-419a0f07 elementor-align-center elementor-mobile-align-center elementor-widget elementor-widget-button\" data-id=\"419a0f07\" data-element_type=\"widget\" data-e-type=\"widget\" data-widget_type=\"button.default\">\n\t\t\t\t<div class=\"elementor-widget-container\">\n\t\t\t\t\t\t\t\t\t<div class=\"elementor-button-wrapper\">\n\t\t\t\t\t<a class=\"elementor-button elementor-button-link elementor-size-sm\" href=\"https:\/\/rkeeper.us\/?page_id=256\">\n\t\t\t\t\t\t<span class=\"elementor-button-content-wrapper\">\n\t\t\t\t\t\t\t\t\t<span class=\"elementor-button-text\">Contacte con nosotros<\/span>\n\t\t\t\t\t<\/span>\n\t\t\t\t\t<\/a>\n\t\t\t\t<\/div>\n\t\t\t\t\t\t\t\t<\/div>\n\t\t\t\t<\/div>\n\t\t\t\t\t<\/div>\n\t\t\t\t<\/div>\n\t\t\t\t<\/div>\n\t\t","protected":false},"excerpt":{"rendered":"<p>Pedidos en l\u00ednea Pedidos en l\u00ednea: Su restaurante, siempre abierto Convierta los clics en pedidos. En cualquier momento y lugar. Permita que sus clientes hagan pedidos en su restaurante con solo unos toques y desde cualquier dispositivo.Nuestra soluci\u00f3n de pedidos en l\u00ednea conecta su men\u00fa con el mundo digital: su sitio web, aplicaci\u00f3n m\u00f3vil o [&hellip;]<\/p>\n","protected":false},"author":1,"featured_media":0,"parent":0,"menu_order":0,"comment_status":"closed","ping_status":"closed","template":"","meta":{"footnotes":""},"class_list":["post-2670","page","type-page","status-publish","hentry"],"_links":{"self":[{"href":"https:\/\/ucsrkeeper.es\/index.php?rest_route=\/wp\/v2\/pages\/2670","targetHints":{"allow":["GET"]}}],"collection":[{"href":"https:\/\/ucsrkeeper.es\/index.php?rest_route=\/wp\/v2\/pages"}],"about":[{"href":"https:\/\/ucsrkeeper.es\/index.php?rest_route=\/wp\/v2\/types\/page"}],"author":[{"embeddable":true,"href":"https:\/\/ucsrkeeper.es\/index.php?rest_route=\/wp\/v2\/users\/1"}],"replies":[{"embeddable":true,"href":"https:\/\/ucsrkeeper.es\/index.php?rest_route=%2Fwp%2Fv2%2Fcomments&post=2670"}],"version-history":[{"count":5,"href":"https:\/\/ucsrkeeper.es\/index.php?rest_route=\/wp\/v2\/pages\/2670\/revisions"}],"predecessor-version":[{"id":3685,"href":"https:\/\/ucsrkeeper.es\/index.php?rest_route=\/wp\/v2\/pages\/2670\/revisions\/3685"}],"wp:attachment":[{"href":"https:\/\/ucsrkeeper.es\/index.php?rest_route=%2Fwp%2Fv2%2Fmedia&parent=2670"}],"curies":[{"name":"wp","href":"https:\/\/api.w.org\/{rel}","templated":true}]}}