{"id":2979,"date":"2025-07-14T15:28:58","date_gmt":"2025-07-14T12:28:58","guid":{"rendered":"https:\/\/rkeeper.us\/?page_id=2979"},"modified":"2025-07-22T12:09:57","modified_gmt":"2025-07-22T09:09:57","slug":"tpv-caja-registradora","status":"publish","type":"page","link":"https:\/\/ucsrkeeper.es\/?page_id=2979","title":{"rendered":"TPV\/Caja registradora"},"content":{"rendered":"\t\t<div data-elementor-type=\"wp-page\" data-elementor-id=\"2979\" class=\"elementor elementor-2979 elementor-2181\" data-elementor-post-type=\"page\">\n\t\t\t\t<div class=\"elementor-element elementor-element-520b5700 e-flex e-con-boxed e-con e-parent\" data-id=\"520b5700\" data-element_type=\"container\" data-e-type=\"container\">\n\t\t\t\t\t<div class=\"e-con-inner\">\n\t\t\t\t<div class=\"elementor-element elementor-element-6e322089 elementor-widget elementor-widget-heading\" data-id=\"6e322089\" data-element_type=\"widget\" data-e-type=\"widget\" data-widget_type=\"heading.default\">\n\t\t\t\t<div class=\"elementor-widget-container\">\n\t\t\t\t\t<h3 class=\"elementor-heading-title elementor-size-default\">TPV\/Caja registradora<\/h3>\t\t\t\t<\/div>\n\t\t\t\t<\/div>\n\t\t\t\t<div class=\"elementor-element elementor-element-120f9b88 elementor-widget elementor-widget-text-editor\" data-id=\"120f9b88\" data-element_type=\"widget\" data-e-type=\"widget\" data-widget_type=\"text-editor.default\">\n\t\t\t\t<div class=\"elementor-widget-container\">\n\t\t\t\t\t\t\t\t\t<h2 id=\"POS-and-Cashdesk:-Power-at-Your-Fingertips-1\"><strong>TPV y Caja: La potencia al alcance de su mano<\/strong><\/h2><h3 id=\"Smart-Intuitive-and-Built-for-Busy-Service-2\">Inteligente, intuitivo y dise\u00f1ado para un servicio ajetreado<\/h3><p>Tanto si dirige un QSR de ritmo r\u00e1pido, una acogedora cafeter\u00eda o un restaurante con varios locales, nuestra soluci\u00f3n <strong>de TPV y caja<\/strong> es su centro de mando para todo. Agilice el servicio, reduzca los errores, gestione el personal y el inventario y deleite a sus clientes, todo desde una \u00fanica y elegante interfaz. <\/p><p>Dise\u00f1ado para el rendimiento. Dise\u00f1ado para la escala. Amado por el personal.  <\/p><hr><h3 id=\"Why-Our-POS-System-2\"><strong>\u00bfPor qu\u00e9 nuestro TPV?<\/strong><\/h3><p><img fetchpriority=\"high\" decoding=\"async\" class=\"alignright\" style=\"margin: 8px 8px 0px;\" src=\"https:\/\/img.perfectwiki.xyz\/insecure\/resize:fit:400\/aHR0cHM6Ly9zdG9yYWdlLmdvb2dsZWFwaXMuY29tL3BlcmZlY3Rfd2lraS9jMThmZTZmNy03MTRiLTQxMzItYmI1NC0zNTY0ODc3NWVkMGMvSmhLQW04VFpVUlJLSHhOZ0RUUmwvJUQwJUI4JUQwJUI3JUQwJUJFJUQwJUIxJUQxJTgwJUQwJUIwJUQwJUI2JUQwJUI1JUQwJUJEJUQwJUI4JUQwJUI1X2UzOWYyNWMyLWZmNDgtNGMyYy1iMjE3LTQ1Y2Q2ZTYyN2ExNS5wbmc.webp\" sizes=\"100vw\" srcset=\"https:\/\/img.perfectwiki.xyz\/insecure\/resize:fit:400\/aHR0cHM6Ly9zdG9yYWdlLmdvb2dsZWFwaXMuY29tL3BlcmZlY3Rfd2lraS9jMThmZTZmNy03MTRiLTQxMzItYmI1NC0zNTY0ODc3NWVkMGMvSmhLQW04VFpVUlJLSHhOZ0RUUmwvJUQwJUI4JUQwJUI3JUQwJUJFJUQwJUIxJUQxJTgwJUQwJUIwJUQwJUI2JUQwJUI1JUQwJUJEJUQwJUI4JUQwJUI1X2UzOWYyNWMyLWZmNDgtNGMyYy1iMjE3LTQ1Y2Q2ZTYyN2ExNS5wbmc.webp 400w, https:\/\/img.perfectwiki.xyz\/insecure\/resize:fit:800\/aHR0cHM6Ly9zdG9yYWdlLmdvb2dsZWFwaXMuY29tL3BlcmZlY3Rfd2lraS9jMThmZTZmNy03MTRiLTQxMzItYmI1NC0zNTY0ODc3NWVkMGMvSmhLQW04VFpVUlJLSHhOZ0RUUmwvJUQwJUI4JUQwJUI3JUQwJUJFJUQwJUIxJUQxJTgwJUQwJUIwJUQwJUI2JUQwJUI1JUQwJUJEJUQwJUI4JUQwJUI1X2UzOWYyNWMyLWZmNDgtNGMyYy1iMjE3LTQ1Y2Q2ZTYyN2ExNS5wbmc.webp 800w, https:\/\/img.perfectwiki.xyz\/insecure\/resize:fit:1200\/aHR0cHM6Ly9zdG9yYWdlLmdvb2dsZWFwaXMuY29tL3BlcmZlY3Rfd2lraS9jMThmZTZmNy03MTRiLTQxMzItYmI1NC0zNTY0ODc3NWVkMGMvSmhLQW04VFpVUlJLSHhOZ0RUUmwvJUQwJUI4JUQwJUI3JUQwJUJFJUQwJUIxJUQxJTgwJUQwJUIwJUQwJUI2JUQwJUI1JUQwJUJEJUQwJUI4JUQwJUI1X2UzOWYyNWMyLWZmNDgtNGMyYy1iMjE3LTQ1Y2Q2ZTYyN2ExNS5wbmc.webp 1200w, https:\/\/img.perfectwiki.xyz\/insecure\/aHR0cHM6Ly9zdG9yYWdlLmdvb2dsZWFwaXMuY29tL3BlcmZlY3Rfd2lraS9jMThmZTZmNy03MTRiLTQxMzItYmI1NC0zNTY0ODc3NWVkMGMvSmhLQW04VFpVUlJLSHhOZ0RUUmwvJUQwJUI4JUQwJUI3JUQwJUJFJUQwJUIxJUQxJTgwJUQwJUIwJUQwJUI2JUQwJUI1JUQwJUJEJUQwJUI4JUQwJUI1X2UzOWYyNWMyLWZmNDgtNGMyYy1iMjE3LTQ1Y2Q2ZTYyN2ExNS5wbmc.webp 1400w\" alt=\"productos \/ 3 TPV\/Mostrador\" width=\"331\" height=\"220\"><\/p><p><strong>Transacciones ultrarr\u00e1pidas<\/strong><br>Sin retrasos. Sin esperas. Tome pedidos, divida facturas e imprima recibos en segundos, incluso en horas punta.  <\/p><p><strong>Interfaz f\u00e1cil de usar<\/strong><br>Sin curva de aprendizaje. A sus empleados les encantar\u00e1 su facilidad de uso desde el primer d\u00eda. <\/p><p><strong>Sincronizaci\u00f3n en tiempo real<\/strong><br>\u00bfPedidos de quioscos, aplicaciones y web? Todos sincronizados con su TPV en tiempo real. Sin doble gesti\u00f3n, sin errores.  <\/p><p><strong>Pagos seguros<\/strong><br>Acepte tarjetas, pagos m\u00f3viles, QR o efectivo, todo ello totalmente integrado con proveedores de pago de primer nivel.<\/p><p> <strong>Control y an\u00e1lisis completos<\/strong><br>Realice un seguimiento de las ventas, el rendimiento del personal, las horas de mayor actividad, los productos m\u00e1s vendidos&#8230; todo en su panel de control.<\/p><hr><h3 id=\"Key-Features-2\"><strong>Caracter\u00edsticas principales<\/strong><\/h3><p><strong><img decoding=\"async\" class=\"alignleft\" style=\"font-weight: 400;\" src=\"https:\/\/img.perfectwiki.xyz\/insecure\/resize:fit:400\/aHR0cHM6Ly9zdG9yYWdlLmdvb2dsZWFwaXMuY29tL3BlcmZlY3Rfd2lraS9jMThmZTZmNy03MTRiLTQxMzItYmI1NC0zNTY0ODc3NWVkMGMvSmhLQW04VFpVUlJLSHhOZ0RUUmwvJUQwJUI4JUQwJUI3JUQwJUJFJUQwJUIxJUQxJTgwJUQwJUIwJUQwJUI2JUQwJUI1JUQwJUJEJUQwJUI4JUQwJUI1X2E2MDI4ZGFmLTkwY2MtNDZiOC1hNDkyLWYwMzA5YTcyNGJhZC5wbmc.webp\" sizes=\"100vw\" srcset=\"https:\/\/img.perfectwiki.xyz\/insecure\/resize:fit:400\/aHR0cHM6Ly9zdG9yYWdlLmdvb2dsZWFwaXMuY29tL3BlcmZlY3Rfd2lraS9jMThmZTZmNy03MTRiLTQxMzItYmI1NC0zNTY0ODc3NWVkMGMvSmhLQW04VFpVUlJLSHhOZ0RUUmwvJUQwJUI4JUQwJUI3JUQwJUJFJUQwJUIxJUQxJTgwJUQwJUIwJUQwJUI2JUQwJUI1JUQwJUJEJUQwJUI4JUQwJUI1X2E2MDI4ZGFmLTkwY2MtNDZiOC1hNDkyLWYwMzA5YTcyNGJhZC5wbmc.webp 400w, https:\/\/img.perfectwiki.xyz\/insecure\/resize:fit:800\/aHR0cHM6Ly9zdG9yYWdlLmdvb2dsZWFwaXMuY29tL3BlcmZlY3Rfd2lraS9jMThmZTZmNy03MTRiLTQxMzItYmI1NC0zNTY0ODc3NWVkMGMvSmhLQW04VFpVUlJLSHhOZ0RUUmwvJUQwJUI4JUQwJUI3JUQwJUJFJUQwJUIxJUQxJTgwJUQwJUIwJUQwJUI2JUQwJUI1JUQwJUJEJUQwJUI4JUQwJUI1X2E2MDI4ZGFmLTkwY2MtNDZiOC1hNDkyLWYwMzA5YTcyNGJhZC5wbmc.webp 800w, https:\/\/img.perfectwiki.xyz\/insecure\/resize:fit:1200\/aHR0cHM6Ly9zdG9yYWdlLmdvb2dsZWFwaXMuY29tL3BlcmZlY3Rfd2lraS9jMThmZTZmNy03MTRiLTQxMzItYmI1NC0zNTY0ODc3NWVkMGMvSmhLQW04VFpVUlJLSHhOZ0RUUmwvJUQwJUI4JUQwJUI3JUQwJUJFJUQwJUIxJUQxJTgwJUQwJUIwJUQwJUI2JUQwJUI1JUQwJUJEJUQwJUI4JUQwJUI1X2E2MDI4ZGFmLTkwY2MtNDZiOC1hNDkyLWYwMzA5YTcyNGJhZC5wbmc.webp 1200w, https:\/\/img.perfectwiki.xyz\/insecure\/aHR0cHM6Ly9zdG9yYWdlLmdvb2dsZWFwaXMuY29tL3BlcmZlY3Rfd2lraS9jMThmZTZmNy03MTRiLTQxMzItYmI1NC0zNTY0ODc3NWVkMGMvSmhLQW04VFpVUlJLSHhOZ0RUUmwvJUQwJUI4JUQwJUI3JUQwJUJFJUQwJUIxJUQxJTgwJUQwJUIwJUQwJUI2JUQwJUI1JUQwJUJEJUQwJUI4JUQwJUI1X2E2MDI4ZGFmLTkwY2MtNDZiOC1hNDkyLWYwMzA5YTcyNGJhZC5wbmc.webp 1400w\" alt=\"productos \/ 3 TPV\/Mostrador\" width=\"359\" height=\"239\">M\u00faltiples opciones de dispositivos<\/strong>: Util\u00edcelo como terminal fijo o como tableta port\u00e1til, o como ambos.<\/p><p><strong>F\u00e1cil gesti\u00f3n de men\u00fas<\/strong>: Edite art\u00edculos, precios y promociones sobre la marcha.<\/p><p><strong>Permisos personalizados<\/strong>: Establezca niveles de acceso para el personal. Mantenga la seguridad de las operaciones. <\/p><p><strong>Modo Offline<\/strong>: Sigue vendiendo, incluso cuando Internet no funciona.<\/p><p><strong>Pantallas para clientes<\/strong>: Muestra los detalles del pedido y sugerencias de upsell a los clientes en tiempo real.<\/p><p><strong>Descuentos instant\u00e1neos e integraci\u00f3n de fidelizaci\u00f3n<\/strong>: Aplica c\u00f3digos promocionales y programas de recompensas directamente.<\/p><hr><h3 id=\"For-Every-Venue-Every-Style-2\"><strong>Para cada lugar, cada estilo<\/strong><\/h3><p><strong>Pizzer\u00edas y comida r\u00e1pida<\/strong>: rapidez y precisi\u00f3n en las horas punta.<br><strong>Caf\u00e9s y cafeter\u00edas<\/strong>: Acceso r\u00e1pido, venta f\u00e1cil.<br><strong>Restaurantes de servicio completo<\/strong>: Asignaci\u00f3n de mesas, propinas, manejo de m\u00faltiples usuarios.<\/p><hr><h3 id=\"What-You-Get-2\"><strong>Lo que obtiene<\/strong><\/h3><p>\u2714\ufe0f Tiempos de caja m\u00e1s r\u00e1pidos<br>\u2714\ufe0f Menos errores del personal<br>\u2714\ufe0f Mejores informes<br>\u2714\ufe0f Clientes m\u00e1s satisfechos<br>\u2714\ufe0f Gesti\u00f3n centralizada para varios establecimientos<\/p><p>Aumente sus ventas. Simplifique su jornada laboral. Crezca con confianza.  <\/p><hr><p><strong>Haga que cada toque cuente.<\/strong><br>Mejore su experiencia de caja con un sistema TPV que trabaja tan duro como usted.<\/p>\t\t\t\t\t\t\t\t<\/div>\n\t\t\t\t<\/div>\n\t\t\t\t<div class=\"elementor-element elementor-element-59aa025f elementor-align-center elementor-mobile-align-center elementor-widget elementor-widget-button\" data-id=\"59aa025f\" data-element_type=\"widget\" data-e-type=\"widget\" data-widget_type=\"button.default\">\n\t\t\t\t<div class=\"elementor-widget-container\">\n\t\t\t\t\t\t\t\t\t<div class=\"elementor-button-wrapper\">\n\t\t\t\t\t<a class=\"elementor-button elementor-button-link elementor-size-sm\" href=\"https:\/\/rkeeper.us\/?page_id=256\">\n\t\t\t\t\t\t<span class=\"elementor-button-content-wrapper\">\n\t\t\t\t\t\t\t\t\t<span class=\"elementor-button-text\">Contacte con nosotros<\/span>\n\t\t\t\t\t<\/span>\n\t\t\t\t\t<\/a>\n\t\t\t\t<\/div>\n\t\t\t\t\t\t\t\t<\/div>\n\t\t\t\t<\/div>\n\t\t\t\t\t<\/div>\n\t\t\t\t<\/div>\n\t\t\t\t<\/div>\n\t\t","protected":false},"excerpt":{"rendered":"<p>TPV\/Caja registradora TPV y Caja: La potencia al alcance de su mano Inteligente, intuitivo y dise\u00f1ado para un servicio ajetreado Tanto si dirige un QSR de ritmo r\u00e1pido, una acogedora cafeter\u00eda o un restaurante con varios locales, nuestra soluci\u00f3n de TPV y caja es su centro de mando para todo. Agilice el servicio, reduzca los [&hellip;]<\/p>\n","protected":false},"author":1,"featured_media":0,"parent":0,"menu_order":0,"comment_status":"closed","ping_status":"closed","template":"","meta":{"footnotes":""},"class_list":["post-2979","page","type-page","status-publish","hentry"],"_links":{"self":[{"href":"https:\/\/ucsrkeeper.es\/index.php?rest_route=\/wp\/v2\/pages\/2979","targetHints":{"allow":["GET"]}}],"collection":[{"href":"https:\/\/ucsrkeeper.es\/index.php?rest_route=\/wp\/v2\/pages"}],"about":[{"href":"https:\/\/ucsrkeeper.es\/index.php?rest_route=\/wp\/v2\/types\/page"}],"author":[{"embeddable":true,"href":"https:\/\/ucsrkeeper.es\/index.php?rest_route=\/wp\/v2\/users\/1"}],"replies":[{"embeddable":true,"href":"https:\/\/ucsrkeeper.es\/index.php?rest_route=%2Fwp%2Fv2%2Fcomments&post=2979"}],"version-history":[{"count":5,"href":"https:\/\/ucsrkeeper.es\/index.php?rest_route=\/wp\/v2\/pages\/2979\/revisions"}],"predecessor-version":[{"id":3720,"href":"https:\/\/ucsrkeeper.es\/index.php?rest_route=\/wp\/v2\/pages\/2979\/revisions\/3720"}],"wp:attachment":[{"href":"https:\/\/ucsrkeeper.es\/index.php?rest_route=%2Fwp%2Fv2%2Fmedia&parent=2979"}],"curies":[{"name":"wp","href":"https:\/\/api.w.org\/{rel}","templated":true}]}}